{"id":4957,"date":"2024-01-08T11:16:10","date_gmt":"2024-01-08T11:16:10","guid":{"rendered":"https:\/\/arhabcar.com\/?page_id=4957"},"modified":"2024-07-03T14:42:44","modified_gmt":"2024-07-03T14:42:44","slug":"%d8%a7%d8%aa%d8%b5%d9%84-%d8%a8%d9%86%d8%a7","status":"publish","type":"page","link":"https:\/\/arhabcar.com\/ar\/%d8%a7%d8%aa%d8%b5%d9%84-%d8%a8%d9%86%d8%a7\/","title":{"rendered":"\u0627\u062a\u0635\u0644 \u0628\u0646\u0627"},"content":{"rendered":"<div data-elementor-type=\"wp-page\" data-elementor-id=\"4957\" class=\"elementor elementor-4957 elementor-3619\" data-elementor-post-type=\"page\">\n\t\t\t\t\t\t<section class=\"elementor-section elementor-top-section elementor-element elementor-element-d63fd70 contact-section pb-0 elementor-section-boxed elementor-section-height-default elementor-section-height-default\" data-id=\"d63fd70\" data-element_type=\"section\">\n\t\t\t\t\t\t<div class=\"elementor-container elementor-column-gap-default\">\n\t\t\t\t\t<div class=\"elementor-column elementor-col-25 elementor-top-column elementor-element elementor-element-ca02bef\" data-id=\"ca02bef\" data-element_type=\"column\">\n\t\t\t<div class=\"elementor-widget-wrap elementor-element-populated\">\n\t\t\t\t\t\t<div class=\"elementor-element elementor-element-8bebf38 elementor-widget elementor-widget-dreamsrent_elementor_contactbox\" data-id=\"8bebf38\" data-element_type=\"widget\" data-widget_type=\"dreamsrent_elementor_contactbox.default\">\n\t\t\t\t<div class=\"elementor-widget-container\">\n\t\t\t\r\n\r\n\r\n<div class=\"contact-info-area\">\r\n\r\n<div class=\"single-contact-info flex-fill\">\r\n\t\t\t\t\t\t\t\t<span><i class=\"feather-phone-call\"><\/i><\/span>\r\n\t\t\t\t\t\t\t\t<h3>\u0631\u0642\u0645 \u0627\u0644\u062a\u0644\u064a\u0641\u0648\u0646<\/h3>\r\n\t\t\t\t\t\t\t\t\t\t\t\t\t\t\t\t\r\n\t\t\t\t\t\t\t\t<a href=\"tel:905558222622+\">905558222622+<\/a>\r\n                                \r\n\t\t\t\t\t\t\t<\/div>\r\n \r\n <\/div>\r\n  \r\n\t\t<\/div>\n\t\t\t\t<\/div>\n\t\t\t\t\t<\/div>\n\t\t<\/div>\n\t\t\t\t<div class=\"elementor-column elementor-col-25 elementor-top-column elementor-element elementor-element-977ec2a\" data-id=\"977ec2a\" data-element_type=\"column\">\n\t\t\t<div class=\"elementor-widget-wrap elementor-element-populated\">\n\t\t\t\t\t\t<div class=\"elementor-element elementor-element-0b7146f elementor-widget elementor-widget-dreamsrent_elementor_contactbox\" data-id=\"0b7146f\" data-element_type=\"widget\" data-widget_type=\"dreamsrent_elementor_contactbox.default\">\n\t\t\t\t<div class=\"elementor-widget-container\">\n\t\t\t\r\n\r\n\r\n<div class=\"contact-info-area\">\r\n\r\n<div class=\"single-contact-info flex-fill\">\r\n\t\t\t\t\t\t\t\t<span><i class=\"feather-mail\"><\/i><\/span>\r\n\t\t\t\t\t\t\t\t<h3> \u0627\u0644\u0628\u0631\u064a\u062f \u0627\u0644\u0625\u0644\u0643\u062a\u0631\u0648\u0646\u064a<\/h3>\r\n\t\t\t\t\t\t\t\t \r\n\t\t\t\t\t\t\t\t\t<a href=\"mailto:arhabcar1@gmail.com\">arhabcar1@gmail.com<\/a>\r\n\t\t\t\t\t\t\t\t\r\n\t\t\t\t\t\t\t<\/div>\r\n \r\n <\/div>\r\n  \r\n\t\t<\/div>\n\t\t\t\t<\/div>\n\t\t\t\t\t<\/div>\n\t\t<\/div>\n\t\t\t\t<div class=\"elementor-column elementor-col-25 elementor-top-column elementor-element elementor-element-8620d64\" data-id=\"8620d64\" data-element_type=\"column\">\n\t\t\t<div class=\"elementor-widget-wrap elementor-element-populated\">\n\t\t\t\t\t\t<div class=\"elementor-element elementor-element-c75aac7 elementor-widget elementor-widget-dreamsrent_elementor_contactbox\" data-id=\"c75aac7\" data-element_type=\"widget\" data-widget_type=\"dreamsrent_elementor_contactbox.default\">\n\t\t\t\t<div class=\"elementor-widget-container\">\n\t\t\t\r\n\r\n\r\n<div class=\"contact-info-area\">\r\n\r\n<div class=\"single-contact-info flex-fill\">\r\n\t\t\t\t\t\t\t\t<span><i class=\"feather-map-pin\"><\/i><\/span>\r\n\t\t\t\t\t\t\t\t<h3>\u0627\u0644\u0639\u0646\u0648\u0627\u0646<\/h3>\r\n\t\t\t\t\t\t\t\t \r\n\t\t\t\t\t\t\t\t\t<a href=\"javascript:void(0);\">BA\u011eLAR MAH. KO\u00c7MAN CAD. NO: 45 \u0130\u00c7 KAPI NO: 82 BA\u011eCILAR\/ \u0130STANBUL<\/a>\r\n\t\t\t\t\t\t\t\t\r\n\t\t\t\t\t\t\t<\/div>\r\n \r\n <\/div>\r\n  \r\n\t\t<\/div>\n\t\t\t\t<\/div>\n\t\t\t\t\t<\/div>\n\t\t<\/div>\n\t\t\t\t<div class=\"elementor-column elementor-col-25 elementor-top-column elementor-element elementor-element-df5687d\" data-id=\"df5687d\" data-element_type=\"column\">\n\t\t\t<div class=\"elementor-widget-wrap elementor-element-populated\">\n\t\t\t\t\t\t<div class=\"elementor-element elementor-element-d0a657f elementor-widget elementor-widget-dreamsrent_elementor_contactbox\" data-id=\"d0a657f\" data-element_type=\"widget\" data-widget_type=\"dreamsrent_elementor_contactbox.default\">\n\t\t\t\t<div class=\"elementor-widget-container\">\n\t\t\t\r\n\r\n\r\n<div class=\"contact-info-area\">\r\n\r\n<div class=\"single-contact-info flex-fill\">\r\n\t\t\t\t\t\t\t\t<span><i class=\"feather-clock\"><\/i><\/span>\r\n\t\t\t\t\t\t\t\t<h3>\u0633\u0627\u0639\u0627\u062a \u0627\u0644\u0639\u0645\u0644<\/h3>\r\n\t\t\t\t\t\t\t\t \r\n\t\t\t\t\t\t\t\t\t<a href=\"javascript:void(0);\">\u0627\u0644\u0627\u062b\u0646\u064a\u0646 - \u0627\u0644\u0633\u0628\u062a(09.30AM - 07.00PM)<\/a>\r\n\t\t\t\t\t\t\t\t\r\n\t\t\t\t\t\t\t<\/div>\r\n \r\n <\/div>\r\n  \r\n\t\t<\/div>\n\t\t\t\t<\/div>\n\t\t\t\t\t<\/div>\n\t\t<\/div>\n\t\t\t\t\t<\/div>\n\t\t<\/section>\n\t\t\t\t<section class=\"elementor-section elementor-top-section elementor-element elementor-element-413ee26 elementor-section-boxed elementor-section-height-default elementor-section-height-default\" data-id=\"413ee26\" data-element_type=\"section\">\n\t\t\t\t\t\t<div class=\"elementor-container elementor-column-gap-no\">\n\t\t\t\t\t<div class=\"elementor-column elementor-col-100 elementor-top-column elementor-element elementor-element-580e983\" data-id=\"580e983\" data-element_type=\"column\">\n\t\t\t<div class=\"elementor-widget-wrap elementor-element-populated\">\n\t\t\t\t\t\t<div class=\"elementor-element elementor-element-2ed4d9b elementor-widget elementor-widget-dreamsrent_elementor_contactform\" data-id=\"2ed4d9b\" data-element_type=\"widget\" data-widget_type=\"dreamsrent_elementor_contactform.default\">\n\t\t\t\t<div class=\"elementor-widget-container\">\n\t\t\t\t\t<div class=\"container\">\r\n<div class=\"contact-section pt-0\">\r\n\t\t\r\n<div class=\"form-info-area\" data-aos=\"fade-down\" data-aos-duration=\"1200\" data-aos-delay=\"0.5\">\r\n\r\n\t\t\t\t\t<div class=\"row\">\r\n\t\t\t\t\t\t<div class=\"col-lg-6 d-flex\">\r\n\t\t\t\t\t\t\t<img decoding=\"async\" src=\"https:\/\/dreamsrent-wp.dreamstechnologies.com\/wp-content\/uploads\/2024\/01\/contact-info.jpg\" class=\"img-fluid\" alt=\"Contact\">\r\n\t\t\t\t\t\t<\/div>\r\n\t\t\t\t\t\t<div class=\"col-lg-6\">\r\n\r\n\t\t\t\t\t\t<h1>\u0627\u0628\u0642\u0649 \u0639\u0644\u0649 \u062a\u0648\u0627\u0635\u0644!<\/h1>\r\n\t\t\t\t\t\t \n<div class=\"wpcf7 no-js\" id=\"wpcf7-f3678-o1\" lang=\"en-US\" dir=\"ltr\">\n<div class=\"screen-reader-response\"><p role=\"status\" aria-live=\"polite\" aria-atomic=\"true\"><\/p> <ul><\/ul><\/div>\n<form action=\"\/ar\/wp-json\/wp\/v2\/pages\/4957#wpcf7-f3678-o1\" method=\"post\" class=\"wpcf7-form init\" aria-label=\"Contact form\" novalidate=\"novalidate\" data-status=\"init\" data-trp-original-action=\"\/ar\/wp-json\/wp\/v2\/pages\/4957#wpcf7-f3678-o1\">\n<div style=\"display: none;\">\n<input type=\"hidden\" name=\"_wpcf7\" value=\"3678\" \/>\n<input type=\"hidden\" name=\"_wpcf7_version\" value=\"5.9.8\" \/>\n<input type=\"hidden\" name=\"_wpcf7_locale\" value=\"en_US\" \/>\n<input type=\"hidden\" name=\"_wpcf7_unit_tag\" value=\"wpcf7-f3678-o1\" \/>\n<input type=\"hidden\" name=\"_wpcf7_container_post\" value=\"0\" \/>\n<input type=\"hidden\" name=\"_wpcf7_posted_data_hash\" value=\"\" \/>\n<\/div>\n<div class=\"row\">\n <div class=\"col-md-12\"> \n <div class=\"input-block\">\n <label>Name <span class=\"text-danger\">*<\/span><\/label>\n <span class=\"wpcf7-form-control-wrap\" data-name=\"your-name\"><input size=\"40\" maxlength=\"400\" class=\"wpcf7-form-control wpcf7-text wpcf7-validates-as-required form-control\" aria-required=\"true\" aria-invalid=\"false\" value=\"\" type=\"text\" name=\"your-name\" \/><\/span>\n <\/div>\n <div class=\"col-md-12\"> \n<div class=\"input-block\">\n<label>Email Address <span class=\"text-danger\">*<\/span><\/label>\n<span class=\"wpcf7-form-control-wrap\" data-name=\"your-email\"><input size=\"40\" maxlength=\"400\" class=\"wpcf7-form-control wpcf7-email wpcf7-validates-as-required wpcf7-text wpcf7-validates-as-email form-control\" aria-required=\"true\" aria-invalid=\"false\" value=\"\" type=\"email\" name=\"your-email\" \/><\/span>\n<\/div>\n<\/div>\n<div class=\"col-md-12\"> \n<div class=\"input-block\">\n<label>Phone number <span class=\"text-danger\">*<\/span><\/label>\n <span class=\"wpcf7-form-control-wrap\" data-name=\"your-phone\"><input size=\"40\" maxlength=\"400\" class=\"wpcf7-form-control wpcf7-text wpcf7-validates-as-required form-control\" aria-required=\"true\" aria-invalid=\"false\" value=\"\" type=\"text\" name=\"your-phone\" \/><\/span>\n<\/div>\n<\/div>\t\t\t\t\t\t\t\t\n <div class=\"col-md-12\"> \n <div class=\"input-block\">\n <label>Comments <span class=\"text-danger\">*<\/span><\/label>\n\n<span class=\"wpcf7-form-control-wrap\" data-name=\"your-message\"><textarea cols=\"40\" rows=\"10\" maxlength=\"2000\" class=\"wpcf7-form-control wpcf7-textarea wpcf7-validates-as-required form-control\" aria-required=\"true\" aria-invalid=\"false\" name=\"your-message\"><\/textarea><\/span>\n <\/div>\n <\/div>\n<\/div>\t\n <div class=\"col-md-12\"> \t\n<input class=\"wpcf7-form-control wpcf7-submit has-spinner btn contact-btn\" type=\"submit\" value=\"Send Enquiry\" \/>\n<\/div><div class=\"wpcf7-response-output\" aria-hidden=\"true\"><\/div>\n<input type=\"hidden\" name=\"trp-form-language\" value=\"ar\"\/><\/form>\n<\/div>\n\r\n\t\t\t\t\t\t \r\n\t\t\t\t\t\t<\/div>\r\n\t\t\t\t\t<\/div>\r\n<\/div>\r\n\t\t\t\t<\/div>\t\r\n\r\n<\/div>\r\n \r\n \r\n  \r\n\t\t<\/div>\n\t\t\t\t<\/div>\n\t\t\t\t\t<\/div>\n\t\t<\/div>\n\t\t\t\t\t<\/div>\n\t\t<\/section>\n\t\t\t\t<\/div>","protected":false},"excerpt":{"rendered":"<p>\u0631\u0642\u0645 \u0627\u0644\u062a\u0644\u064a\u0641\u0648\u0646 905558222622+ \u0627\u0644\u0628\u0631\u064a\u062f \u0627\u0644\u0625\u0644\u0643\u062a\u0631\u0648\u0646\u064a arhabcar1@gmail.com \u0627\u0644\u0639\u0646\u0648\u0627\u0646 BA\u011eLAR MAH. KO\u00c7MAN CAD. NO: 45 \u0130\u00c7 KAPI NO: 82 BA\u011eCILAR\/ \u0130STANBUL \u0633\u0627\u0639\u0627\u062a \u0627\u0644\u0639\u0645\u0644 \u0627\u0644\u0627\u062b\u0646\u064a\u0646 &#8211; \u0627\u0644\u0633\u0628\u062a(09.30AM &#8211; 07.00PM) \u0627\u0628\u0642\u0649 \u0639\u0644\u0649 \u062a\u0648\u0627\u0635\u0644!<\/p>","protected":false},"author":1,"featured_media":0,"parent":0,"menu_order":0,"comment_status":"closed","ping_status":"closed","template":"templates\/elementor-page-template.php","meta":{"footnotes":""},"class_list":["post-4957","page","type-page","status-publish","hentry"],"_links":{"self":[{"href":"https:\/\/arhabcar.com\/ar\/wp-json\/wp\/v2\/pages\/4957","targetHints":{"allow":["GET"]}}],"collection":[{"href":"https:\/\/arhabcar.com\/ar\/wp-json\/wp\/v2\/pages"}],"about":[{"href":"https:\/\/arhabcar.com\/ar\/wp-json\/wp\/v2\/types\/page"}],"author":[{"embeddable":true,"href":"https:\/\/arhabcar.com\/ar\/wp-json\/wp\/v2\/users\/1"}],"replies":[{"embeddable":true,"href":"https:\/\/arhabcar.com\/ar\/wp-json\/wp\/v2\/comments?post=4957"}],"version-history":[{"count":13,"href":"https:\/\/arhabcar.com\/ar\/wp-json\/wp\/v2\/pages\/4957\/revisions"}],"predecessor-version":[{"id":5655,"href":"https:\/\/arhabcar.com\/ar\/wp-json\/wp\/v2\/pages\/4957\/revisions\/5655"}],"wp:attachment":[{"href":"https:\/\/arhabcar.com\/ar\/wp-json\/wp\/v2\/media?parent=4957"}],"curies":[{"name":"wp","href":"https:\/\/api.w.org\/{rel}","templated":true}]}}